{"id":2544,"date":"2015-05-27T18:46:20","date_gmt":"2015-05-27T18:46:20","guid":{"rendered":"http:\/\/ray-of-peace-organisation.de\/en\/spenden\/"},"modified":"2017-02-17T11:28:00","modified_gmt":"2017-02-17T11:28:00","slug":"donation","status":"publish","type":"page","link":"https:\/\/ray-of-peace-organisation.de\/en\/donation\/","title":{"rendered":"DONATION"},"content":{"rendered":"<p><div class=\"fusion-fullwidth fullwidth-box fusion-builder-row-1 nonhundred-percent-fullwidth non-hundred-percent-height-scrolling\" style=\"--awb-background-position:left top;--awb-border-radius-top-left:0px;--awb-border-radius-top-right:0px;--awb-border-radius-bottom-right:0px;--awb-border-radius-bottom-left:0px;--awb-padding-top:90px;--awb-padding-right:15%;--awb-padding-bottom:90px;--awb-padding-left:15%;--awb-border-sizes-top:0px;--awb-border-sizes-bottom:0px;--awb-flex-wrap:wrap;\" ><div class=\"fusion-builder-row fusion-row\"><div class=\"fusion-layout-column fusion_builder_column fusion-builder-column-0 fusion_builder_column_1_1 1_1 fusion-one-full fusion-column-first fusion-column-last fusion-column-no-min-height\" style=\"--awb-bg-size:cover;\"><div class=\"fusion-column-wrapper fusion-flex-column-wrapper-legacy\"><div class=\"fusion-text fusion-text-1\"><h2 style=\"text-align: center;\">Our donation account<\/h2>\n<h5 style=\"text-align: center;\"><strong>Beneficiary: \u00a0 ZENZENTRUM e.V. Hilfsprojekte<\/strong><\/h5>\n<h5 style=\"text-align: center;\"><strong><span style=\"color: #aed5ba;\">Purpose \/ comment: \u00a0 Spendenkonto Hilfsprojekte<\/span><\/strong><\/h5>\n<h5 style=\"text-align: center;\"><strong>BIC : \u00a0 GENODES1MTZ<\/strong><\/h5>\n<h5 style=\"text-align: center;\"><strong>IBAN: \u00a0 DE20640912000070008000<\/strong><\/h5>\n<\/div><div class=\"fusion-clearfix\"><\/div><\/div><\/div><\/div><\/div><div class=\"fusion-fullwidth fullwidth-box fusion-builder-row-2 nonhundred-percent-fullwidth non-hundred-percent-height-scrolling\" style=\"--awb-background-position:left top;--awb-border-radius-top-left:0px;--awb-border-radius-top-right:0px;--awb-border-radius-bottom-right:0px;--awb-border-radius-bottom-left:0px;--awb-padding-top:0px;--awb-padding-bottom:20px;--awb-background-color:#aed5ba;--awb-border-sizes-top:0px;--awb-border-sizes-bottom:0px;--awb-flex-wrap:wrap;\" ><div class=\"fusion-builder-row fusion-row\"><div class=\"fusion-layout-column fusion_builder_column fusion-builder-column-1 fusion_builder_column_1_1 1_1 fusion-one-full fusion-column-first fusion-column-last fusion-column-no-min-height\" style=\"--awb-bg-size:cover;\"><div class=\"fusion-column-wrapper fusion-flex-column-wrapper-legacy\"><div class=\"fusion-section-separator section-separator triangle fusion-section-separator-1\" style=\"--awb-border-top:1px solid #aed5ba;--awb-spacer-height:1px;--awb-svg-margin-left:0;--awb-svg-margin-right:0;--awb-icon-color:#aed5ba;\"><div class=\"fusion-section-separator-svg\"><div class=\"divider-candy-arrow top\" style=\"bottom:0px;border-bottom-color: #aed5ba;\"><\/div><div class=\"divider-candy top\" style=\"top:-21px;border-bottom:1px solid #aed5ba;border-left:1px solid #aed5ba;\"><\/div><\/div><div class=\"fusion-section-separator-spacer\"><div class=\"fusion-section-separator-spacer-height\"><\/div><\/div><\/div><div class=\"fusion-clearfix\"><\/div><\/div><\/div><\/div><\/div><\/p>\n","protected":false},"excerpt":{"rendered":"","protected":false},"author":4,"featured_media":0,"parent":0,"menu_order":16,"comment_status":"closed","ping_status":"closed","template":"100-width.php","meta":{"footnotes":""},"class_list":["post-2544","page","type-page","status-publish","hentry"],"yoast_head":"<!-- This site is optimized with the Yoast SEO plugin v27.4 - https:\/\/yoast.com\/product\/yoast-seo-wordpress\/ -->\n<title>DONATION - Ray of Peace Organisation<\/title>\n<meta name=\"description\" content=\"Das ZENZENTRUM RIEDERICH e.V. und das GESUNDHEITSZENTRUM MZM unterst\u00fctzen Menschen in aller Welt mit finanziellen Mitteln aus Spenden. Alle Beteiligten sind ehrenamtlich t\u00e4tig. Das gespendete Geld kommt 1:1 bei den Bed\u00fcrftigen an.\" \/>\n<meta name=\"robots\" content=\"index, follow, max-snippet:-1, max-image-preview:large, max-video-preview:-1\" \/>\n<link rel=\"canonical\" href=\"https:\/\/ray-of-peace-organisation.de\/en\/donation\/\" \/>\n<meta property=\"og:locale\" content=\"en_US\" \/>\n<meta property=\"og:type\" content=\"article\" \/>\n<meta property=\"og:title\" content=\"DONATION - Ray of Peace Organisation\" \/>\n<meta property=\"og:description\" content=\"Das ZENZENTRUM RIEDERICH e.V. und das GESUNDHEITSZENTRUM MZM unterst\u00fctzen Menschen in aller Welt mit finanziellen Mitteln aus Spenden. Alle Beteiligten sind ehrenamtlich t\u00e4tig. Das gespendete Geld kommt 1:1 bei den Bed\u00fcrftigen an.\" \/>\n<meta property=\"og:url\" content=\"https:\/\/ray-of-peace-organisation.de\/en\/donation\/\" \/>\n<meta property=\"og:site_name\" content=\"Ray of Peace Organisation\" \/>\n<meta property=\"article:publisher\" content=\"https:\/\/www.facebook.com\/Ray-of-Peace-Organisation-419130408188395\/\" \/>\n<meta property=\"article:modified_time\" content=\"2017-02-17T11:28:00+00:00\" \/>\n<meta property=\"og:image\" content=\"https:\/\/ray-of-peace-organisation.de\/wp-content\/uploads\/2015\/10\/logo-ray-of-peace-597.jpg\" \/>\n\t<meta property=\"og:image:width\" content=\"550\" \/>\n\t<meta property=\"og:image:height\" content=\"255\" \/>\n\t<meta property=\"og:image:type\" content=\"image\/jpeg\" \/>\n<meta name=\"twitter:card\" content=\"summary_large_image\" \/>\n<meta name=\"twitter:label1\" content=\"Est. reading time\" \/>\n\t<meta name=\"twitter:data1\" content=\"2 minutes\" \/>\n<script type=\"application\/ld+json\" class=\"yoast-schema-graph\">{\"@context\":\"https:\\\/\\\/schema.org\",\"@graph\":[{\"@type\":\"WebPage\",\"@id\":\"https:\\\/\\\/ray-of-peace-organisation.de\\\/en\\\/donation\\\/\",\"url\":\"https:\\\/\\\/ray-of-peace-organisation.de\\\/en\\\/donation\\\/\",\"name\":\"DONATION - Ray of Peace Organisation\",\"isPartOf\":{\"@id\":\"https:\\\/\\\/ray-of-peace-organisation.de\\\/#website\"},\"datePublished\":\"2015-05-27T18:46:20+00:00\",\"dateModified\":\"2017-02-17T11:28:00+00:00\",\"description\":\"Das ZENZENTRUM RIEDERICH e.V. und das GESUNDHEITSZENTRUM MZM unterst\u00fctzen Menschen in aller Welt mit finanziellen Mitteln aus Spenden. Alle Beteiligten sind ehrenamtlich t\u00e4tig. Das gespendete Geld kommt 1:1 bei den Bed\u00fcrftigen an.\",\"breadcrumb\":{\"@id\":\"https:\\\/\\\/ray-of-peace-organisation.de\\\/en\\\/donation\\\/#breadcrumb\"},\"inLanguage\":\"en-US\",\"potentialAction\":[{\"@type\":\"ReadAction\",\"target\":[\"https:\\\/\\\/ray-of-peace-organisation.de\\\/en\\\/donation\\\/\"]}]},{\"@type\":\"BreadcrumbList\",\"@id\":\"https:\\\/\\\/ray-of-peace-organisation.de\\\/en\\\/donation\\\/#breadcrumb\",\"itemListElement\":[{\"@type\":\"ListItem\",\"position\":1,\"name\":\"Home\",\"item\":\"https:\\\/\\\/ray-of-peace-organisation.de\\\/en\\\/\"},{\"@type\":\"ListItem\",\"position\":2,\"name\":\"DONATION\"}]},{\"@type\":\"WebSite\",\"@id\":\"https:\\\/\\\/ray-of-peace-organisation.de\\\/#website\",\"url\":\"https:\\\/\\\/ray-of-peace-organisation.de\\\/\",\"name\":\"Ray of Peace Organisation\",\"description\":\"Hilfsprojekte des Zenzentrum e.V. in Riederich\",\"publisher\":{\"@id\":\"https:\\\/\\\/ray-of-peace-organisation.de\\\/#organization\"},\"potentialAction\":[{\"@type\":\"SearchAction\",\"target\":{\"@type\":\"EntryPoint\",\"urlTemplate\":\"https:\\\/\\\/ray-of-peace-organisation.de\\\/?s={search_term_string}\"},\"query-input\":{\"@type\":\"PropertyValueSpecification\",\"valueRequired\":true,\"valueName\":\"search_term_string\"}}],\"inLanguage\":\"en-US\"},{\"@type\":\"Organization\",\"@id\":\"https:\\\/\\\/ray-of-peace-organisation.de\\\/#organization\",\"name\":\"Ray of Peace Organisation\",\"url\":\"https:\\\/\\\/ray-of-peace-organisation.de\\\/\",\"logo\":{\"@type\":\"ImageObject\",\"inLanguage\":\"en-US\",\"@id\":\"https:\\\/\\\/ray-of-peace-organisation.de\\\/#\\\/schema\\\/logo\\\/image\\\/\",\"url\":\"https:\\\/\\\/ray-of-peace-organisation.de\\\/wp-content\\\/uploads\\\/2015\\\/10\\\/logo-ray-of-peace-259-trans-for-web.png\",\"contentUrl\":\"https:\\\/\\\/ray-of-peace-organisation.de\\\/wp-content\\\/uploads\\\/2015\\\/10\\\/logo-ray-of-peace-259-trans-for-web.png\",\"width\":259,\"height\":120,\"caption\":\"Ray of Peace Organisation\"},\"image\":{\"@id\":\"https:\\\/\\\/ray-of-peace-organisation.de\\\/#\\\/schema\\\/logo\\\/image\\\/\"},\"sameAs\":[\"https:\\\/\\\/www.facebook.com\\\/Ray-of-Peace-Organisation-419130408188395\\\/\"]}]}<\/script>\n<!-- \/ Yoast SEO plugin. -->","yoast_head_json":{"title":"DONATION - Ray of Peace Organisation","description":"Das ZENZENTRUM RIEDERICH e.V. und das GESUNDHEITSZENTRUM MZM unterst\u00fctzen Menschen in aller Welt mit finanziellen Mitteln aus Spenden. Alle Beteiligten sind ehrenamtlich t\u00e4tig. Das gespendete Geld kommt 1:1 bei den Bed\u00fcrftigen an.","robots":{"index":"index","follow":"follow","max-snippet":"max-snippet:-1","max-image-preview":"max-image-preview:large","max-video-preview":"max-video-preview:-1"},"canonical":"https:\/\/ray-of-peace-organisation.de\/en\/donation\/","og_locale":"en_US","og_type":"article","og_title":"DONATION - Ray of Peace Organisation","og_description":"Das ZENZENTRUM RIEDERICH e.V. und das GESUNDHEITSZENTRUM MZM unterst\u00fctzen Menschen in aller Welt mit finanziellen Mitteln aus Spenden. Alle Beteiligten sind ehrenamtlich t\u00e4tig. Das gespendete Geld kommt 1:1 bei den Bed\u00fcrftigen an.","og_url":"https:\/\/ray-of-peace-organisation.de\/en\/donation\/","og_site_name":"Ray of Peace Organisation","article_publisher":"https:\/\/www.facebook.com\/Ray-of-Peace-Organisation-419130408188395\/","article_modified_time":"2017-02-17T11:28:00+00:00","og_image":[{"width":550,"height":255,"url":"https:\/\/ray-of-peace-organisation.de\/wp-content\/uploads\/2015\/10\/logo-ray-of-peace-597.jpg","type":"image\/jpeg"}],"twitter_card":"summary_large_image","twitter_misc":{"Est. reading time":"2 minutes"},"schema":{"@context":"https:\/\/schema.org","@graph":[{"@type":"WebPage","@id":"https:\/\/ray-of-peace-organisation.de\/en\/donation\/","url":"https:\/\/ray-of-peace-organisation.de\/en\/donation\/","name":"DONATION - Ray of Peace Organisation","isPartOf":{"@id":"https:\/\/ray-of-peace-organisation.de\/#website"},"datePublished":"2015-05-27T18:46:20+00:00","dateModified":"2017-02-17T11:28:00+00:00","description":"Das ZENZENTRUM RIEDERICH e.V. und das GESUNDHEITSZENTRUM MZM unterst\u00fctzen Menschen in aller Welt mit finanziellen Mitteln aus Spenden. Alle Beteiligten sind ehrenamtlich t\u00e4tig. Das gespendete Geld kommt 1:1 bei den Bed\u00fcrftigen an.","breadcrumb":{"@id":"https:\/\/ray-of-peace-organisation.de\/en\/donation\/#breadcrumb"},"inLanguage":"en-US","potentialAction":[{"@type":"ReadAction","target":["https:\/\/ray-of-peace-organisation.de\/en\/donation\/"]}]},{"@type":"BreadcrumbList","@id":"https:\/\/ray-of-peace-organisation.de\/en\/donation\/#breadcrumb","itemListElement":[{"@type":"ListItem","position":1,"name":"Home","item":"https:\/\/ray-of-peace-organisation.de\/en\/"},{"@type":"ListItem","position":2,"name":"DONATION"}]},{"@type":"WebSite","@id":"https:\/\/ray-of-peace-organisation.de\/#website","url":"https:\/\/ray-of-peace-organisation.de\/","name":"Ray of Peace Organisation","description":"Hilfsprojekte des Zenzentrum e.V. in Riederich","publisher":{"@id":"https:\/\/ray-of-peace-organisation.de\/#organization"},"potentialAction":[{"@type":"SearchAction","target":{"@type":"EntryPoint","urlTemplate":"https:\/\/ray-of-peace-organisation.de\/?s={search_term_string}"},"query-input":{"@type":"PropertyValueSpecification","valueRequired":true,"valueName":"search_term_string"}}],"inLanguage":"en-US"},{"@type":"Organization","@id":"https:\/\/ray-of-peace-organisation.de\/#organization","name":"Ray of Peace Organisation","url":"https:\/\/ray-of-peace-organisation.de\/","logo":{"@type":"ImageObject","inLanguage":"en-US","@id":"https:\/\/ray-of-peace-organisation.de\/#\/schema\/logo\/image\/","url":"https:\/\/ray-of-peace-organisation.de\/wp-content\/uploads\/2015\/10\/logo-ray-of-peace-259-trans-for-web.png","contentUrl":"https:\/\/ray-of-peace-organisation.de\/wp-content\/uploads\/2015\/10\/logo-ray-of-peace-259-trans-for-web.png","width":259,"height":120,"caption":"Ray of Peace Organisation"},"image":{"@id":"https:\/\/ray-of-peace-organisation.de\/#\/schema\/logo\/image\/"},"sameAs":["https:\/\/www.facebook.com\/Ray-of-Peace-Organisation-419130408188395\/"]}]}},"_links":{"self":[{"href":"https:\/\/ray-of-peace-organisation.de\/en\/wp-json\/wp\/v2\/pages\/2544","targetHints":{"allow":["GET"]}}],"collection":[{"href":"https:\/\/ray-of-peace-organisation.de\/en\/wp-json\/wp\/v2\/pages"}],"about":[{"href":"https:\/\/ray-of-peace-organisation.de\/en\/wp-json\/wp\/v2\/types\/page"}],"author":[{"embeddable":true,"href":"https:\/\/ray-of-peace-organisation.de\/en\/wp-json\/wp\/v2\/users\/4"}],"replies":[{"embeddable":true,"href":"https:\/\/ray-of-peace-organisation.de\/en\/wp-json\/wp\/v2\/comments?post=2544"}],"version-history":[{"count":0,"href":"https:\/\/ray-of-peace-organisation.de\/en\/wp-json\/wp\/v2\/pages\/2544\/revisions"}],"wp:attachment":[{"href":"https:\/\/ray-of-peace-organisation.de\/en\/wp-json\/wp\/v2\/media?parent=2544"}],"curies":[{"name":"wp","href":"https:\/\/api.w.org\/{rel}","templated":true}]}}